{"id":4400,"date":"2021-10-12T15:51:09","date_gmt":"2021-10-12T15:51:09","guid":{"rendered":"http:\/\/dummy.xtemos.com\/woodmart2\/elementor\/?page_id=4400"},"modified":"2025-12-22T19:28:50","modified_gmt":"2025-12-22T16:28:50","slug":"hakkimizda","status":"publish","type":"page","link":"https:\/\/msstorperde.com\/?page_id=4400","title":{"rendered":"Hakk\u0131m\u0131zda"},"content":{"rendered":"\t\t<div data-elementor-type=\"wp-page\" data-elementor-id=\"4400\" class=\"elementor elementor-4400\" data-elementor-post-type=\"page\">\n\t\t\t\t<div class=\"wd-negative-gap elementor-element elementor-element-7c7c544 e-flex e-con-boxed e-con e-parent\" data-id=\"7c7c544\" data-element_type=\"container\">\n\t\t\t\t\t<div class=\"e-con-inner\">\n\t\t<div class=\"elementor-element elementor-element-e7cb5cd e-con-full e-flex e-con e-child\" data-id=\"e7cb5cd\" data-element_type=\"container\">\n\t\t\t\t<div class=\"elementor-element elementor-element-56aec39 elementor-widget elementor-widget-wd_image_or_svg\" data-id=\"56aec39\" data-element_type=\"widget\" data-widget_type=\"wd_image_or_svg.default\">\n\t\t\t\t<div class=\"elementor-widget-container\">\n\t\t\t\t\t\n\t\t<div class=\"wd-image text-left\">\n\t\t\t\t\t\t\t\t<img loading=\"lazy\" decoding=\"async\" width=\"1920\" height=\"2560\" src=\"https:\/\/msstorperde.com\/wp-content\/uploads\/2025\/12\/deck-chairs-tables-balcony-modern-model-home-scaled.jpg\" class=\"attachment-full size-full\" alt=\"\" srcset=\"https:\/\/msstorperde.com\/wp-content\/uploads\/2025\/12\/deck-chairs-tables-balcony-modern-model-home-scaled.jpg 1920w, https:\/\/msstorperde.com\/wp-content\/uploads\/2025\/12\/deck-chairs-tables-balcony-modern-model-home-225x300.jpg 225w, https:\/\/msstorperde.com\/wp-content\/uploads\/2025\/12\/deck-chairs-tables-balcony-modern-model-home-600x800.jpg 600w, https:\/\/msstorperde.com\/wp-content\/uploads\/2025\/12\/deck-chairs-tables-balcony-modern-model-home-768x1024.jpg 768w, https:\/\/msstorperde.com\/wp-content\/uploads\/2025\/12\/deck-chairs-tables-balcony-modern-model-home-1152x1536.jpg 1152w, https:\/\/msstorperde.com\/wp-content\/uploads\/2025\/12\/deck-chairs-tables-balcony-modern-model-home-1536x2048.jpg 1536w\" sizes=\"auto, (max-width: 1920px) 100vw, 1920px\" \/>\t\t\t\t\t<\/div>\n\n\t\t\t\t\t\t<\/div>\n\t\t\t\t<\/div>\n\t\t\t\t<\/div>\n\t\t<div class=\"elementor-element elementor-element-97d6084 e-con-full e-flex e-con e-child\" data-id=\"97d6084\" data-element_type=\"container\">\n\t\t\t\t<div class=\"elementor-element elementor-element-98d830b wd-width-100 elementor-widget elementor-widget-wd_title\" data-id=\"98d830b\" data-element_type=\"widget\" data-widget_type=\"wd_title.default\">\n\t\t\t\t<div class=\"elementor-widget-container\">\n\t\t\t\t\t\t\t<div class=\"title-wrapper wd-set-mb reset-last-child wd-title-color-primary wd-title-style-default wd-title-size-large text-left\">\n\n\t\t\t\n\t\t\t<div class=\"liner-continer\">\n\t\t\t\t<h4 class=\"woodmart-title-container title wd-fontsize-xxl\">Hakk\u0131m\u0131zda<\/h4> \n\t\t\t\t\t\t\t<\/div>\n\n\t\t\t\t\t\t\t<div class=\"title-after_title reset-last-child wd-fontsize-s\">\n\t\t\t\t\t<p><em>Kalite, estetik ve ustal\u0131k Ms Stor Perde g\u00fcvencesiyle evinizde.<\/em><\/p>\t\t\t\t<\/div>\n\t\t\t\t\t<\/div>\n\t\t\t\t\t\t<\/div>\n\t\t\t\t<\/div>\n\t\t\t\t<div class=\"elementor-element elementor-element-66e47ad elementor-widget elementor-widget-wd_text_block\" data-id=\"66e47ad\" data-element_type=\"widget\" data-widget_type=\"wd_text_block.default\">\n\t\t\t\t<div class=\"elementor-widget-container\">\n\t\t\t\t\t\t\t<div class=\"wd-text-block reset-last-child text-left\">\n\t\t\t\n\t\t\t<p>Ms Stor Perde Sistemleri olarak, ya\u015fam alanlar\u0131n\u0131z\u0131 g\u00fczelle\u015ftirmek i\u00e7in yola \u00e7\u0131kt\u0131k. Standart \u00e7\u00f6z\u00fcmler yerine, her pencerenin ruhuna ve \u00f6l\u00e7\u00fcs\u00fcne uygun butik \u00e7\u00f6z\u00fcmler \u00fcretiyoruz. Fabrikadan halka sat\u0131\u015f ilkesiyle, arac\u0131lar\u0131 ortadan kald\u0131rarak 1. s\u0131n\u0131f kaliteyi en ula\u015f\u0131labilir fiyatlarla sunuyoruz.<\/p>\n\t\t\t\t\t<\/div>\n\t\t\t\t\t\t<\/div>\n\t\t\t\t<\/div>\n\t\t\t\t<\/div>\n\t\t\t\t\t<\/div>\n\t\t\t\t<\/div>\n\t\t\t\t<section class=\"wd-negative-gap elementor-section elementor-top-section elementor-element elementor-element-58f6e537 elementor-section-height-min-height wd-section-stretch elementor-section-boxed elementor-section-height-default elementor-section-items-middle\" data-id=\"58f6e537\" data-element_type=\"section\" data-settings=\"{&quot;background_background&quot;:&quot;classic&quot;}\">\n\t\t\t\t\t\t\t<div class=\"elementor-background-overlay\"><\/div>\n\t\t\t\t\t\t\t<div class=\"elementor-container elementor-column-gap-default\">\n\t\t\t\t\t<div class=\"elementor-column elementor-col-100 elementor-top-column elementor-element elementor-element-12efad77\" data-id=\"12efad77\" data-element_type=\"column\">\n\t\t\t<div class=\"elementor-widget-wrap elementor-element-populated\">\n\t\t\t\t\t\t<section class=\"wd-negative-gap elementor-section elementor-inner-section elementor-element elementor-element-5ae96af2 elementor-section-boxed elementor-section-height-default elementor-section-height-default\" data-id=\"5ae96af2\" data-element_type=\"section\">\n\t\t\t\t\t\t<div class=\"elementor-container elementor-column-gap-default\">\n\t\t\t\t\t<div class=\"elementor-column elementor-col-50 elementor-inner-column elementor-element elementor-element-4c559208\" data-id=\"4c559208\" data-element_type=\"column\" data-settings=\"{&quot;background_background&quot;:&quot;classic&quot;}\">\n\t\t\t<div class=\"elementor-widget-wrap elementor-element-populated\">\n\t\t\t\t\t\t<div class=\"elementor-element elementor-element-71c46ab9 wd-width-100 elementor-widget elementor-widget-wd_title\" data-id=\"71c46ab9\" data-element_type=\"widget\" data-widget_type=\"wd_title.default\">\n\t\t\t\t<div class=\"elementor-widget-container\">\n\t\t\t\t\t\t\t<div class=\"title-wrapper wd-set-mb reset-last-child wd-title-color-default wd-title-style-default wd-title-size-extra-large text-left\">\n\n\t\t\t\n\t\t\t<div class=\"liner-continer\">\n\t\t\t\t<h4 class=\"woodmart-title-container title wd-fontsize-xxxl\">Kalite ve Esteti\u011fin \u0130mzas\u0131<\/h4> \n\t\t\t\t\t\t\t<\/div>\n\n\t\t\t\t\t<\/div>\n\t\t\t\t\t\t<\/div>\n\t\t\t\t<\/div>\n\t\t\t\t<div class=\"elementor-element elementor-element-69d3aca3 color-scheme-inherit text-left elementor-widget elementor-widget-text-editor\" data-id=\"69d3aca3\" data-element_type=\"widget\" data-widget_type=\"text-editor.default\">\n\t\t\t\t\t\t\t\t\t<p data-path-to-node=\"5\">MS Stor Perde Sistemleri&#8217;ni kurarken tek bir hayalim vard\u0131: Mekanlar\u0131n\u0131za sadece perde de\u011fil, estetik ve konforu ayn\u0131 anda sunabilmek. Sekt\u00f6rdeki deneyimimle, her pencerenin kendine has bir hikayesi oldu\u011funa inan\u0131yorum.<\/p><p data-path-to-node=\"6\">Evinizin veya ofisinizin ihtiyac\u0131 olan o son dokunu\u015fu, en kaliteli malzemeler ve kusursuz i\u015f\u00e7ilikle birle\u015ftiriyoruz. Amac\u0131m\u0131z sadece \u00fcr\u00fcn satmak de\u011fil, ya\u015fam alanlar\u0131n\u0131za de\u011fer katmakt\u0131r.<\/p>\t\t\t\t\t\t\t\t<\/div>\n\t\t\t\t<div class=\"elementor-element elementor-element-243d7942 elementor-widget__width-auto elementor-widget elementor-widget-wd_image_or_svg\" data-id=\"243d7942\" data-element_type=\"widget\" data-widget_type=\"wd_image_or_svg.default\">\n\t\t\t\t<div class=\"elementor-widget-container\">\n\t\t\t\t\t\n\t\t<div class=\"wd-image text-left\">\n\t\t\t\t\t\t\t\t<img loading=\"lazy\" decoding=\"async\" width=\"141\" height=\"40\" src=\"https:\/\/msstorperde.com\/wp-content\/uploads\/2025\/12\/ms-stor-imza.png\" class=\"attachment-full size-full\" alt=\"\" \/>\t\t\t\t\t<\/div>\n\n\t\t\t\t\t\t<\/div>\n\t\t\t\t<\/div>\n\t\t\t\t\t<\/div>\n\t\t<\/div>\n\t\t\t\t<div class=\"elementor-column elementor-col-50 elementor-inner-column elementor-element elementor-element-4cf6d43d elementor-hidden-phone\" data-id=\"4cf6d43d\" data-element_type=\"column\">\n\t\t\t<div class=\"elementor-widget-wrap\">\n\t\t\t\t\t\t\t<\/div>\n\t\t<\/div>\n\t\t\t\t\t<\/div>\n\t\t<\/section>\n\t\t\t\t\t<\/div>\n\t\t<\/div>\n\t\t\t\t\t<\/div>\n\t\t<\/section>\n\t\t\t\t<\/div>\n\t\t","protected":false},"excerpt":{"rendered":"<p>Hakk\u0131m\u0131zda Kalite, estetik ve ustal\u0131k Ms Stor Perde g\u00fcvencesiyle evinizde. Ms Stor Perde Sistemleri olarak, ya\u015fam alanlar\u0131n\u0131z\u0131 g\u00fczelle\u015ftirmek i\u00e7in yola<\/p>\n","protected":false},"author":1,"featured_media":0,"parent":0,"menu_order":0,"comment_status":"closed","ping_status":"closed","template":"","meta":{"footnotes":""},"class_list":["post-4400","page","type-page","status-publish","hentry"],"_links":{"self":[{"href":"https:\/\/msstorperde.com\/index.php?rest_route=\/wp\/v2\/pages\/4400","targetHints":{"allow":["GET"]}}],"collection":[{"href":"https:\/\/msstorperde.com\/index.php?rest_route=\/wp\/v2\/pages"}],"about":[{"href":"https:\/\/msstorperde.com\/index.php?rest_route=\/wp\/v2\/types\/page"}],"author":[{"embeddable":true,"href":"https:\/\/msstorperde.com\/index.php?rest_route=\/wp\/v2\/users\/1"}],"replies":[{"embeddable":true,"href":"https:\/\/msstorperde.com\/index.php?rest_route=%2Fwp%2Fv2%2Fcomments&post=4400"}],"version-history":[{"count":14,"href":"https:\/\/msstorperde.com\/index.php?rest_route=\/wp\/v2\/pages\/4400\/revisions"}],"predecessor-version":[{"id":29176,"href":"https:\/\/msstorperde.com\/index.php?rest_route=\/wp\/v2\/pages\/4400\/revisions\/29176"}],"wp:attachment":[{"href":"https:\/\/msstorperde.com\/index.php?rest_route=%2Fwp%2Fv2%2Fmedia&parent=4400"}],"curies":[{"name":"wp","href":"https:\/\/api.w.org\/{rel}","templated":true}]}}